{"id":164,"date":"2022-09-13T01:21:13","date_gmt":"2022-09-12T22:21:13","guid":{"rendered":"http:\/\/www.omri.fi\/?page_id=164"},"modified":"2022-12-28T10:17:39","modified_gmt":"2022-12-28T08:17:39","slug":"lahjoita-palvelua","status":"publish","type":"page","link":"https:\/\/www.proukraina.fi\/lahjoita-palvelua\/","title":{"rendered":"Lahjoita palvelua"},"content":{"rendered":"\n<p class=\"has-tiny-font-size\"><em>[P\u00e4ivitetty 28.12.2022]<\/em><\/p>\n\n\n\n<hr class=\"wp-block-separator has-alpha-channel-opacity\"\/>\n\n\n\n<p>Ukrainalaiset tarvitsevat Suomessa monenlaista apua, kuten:<\/p>\n\n\n\n<ul class=\"wp-block-list\">\n<li>Asiointiapua <em>(esim. asioinnit viranomaisten kanssa, lomakkeiden t\u00e4yt\u00f6t, apu asunnon etsimiseksi)<\/em> <\/li>\n\n\n\n<li>Juridista apua <em>(esim. sopimukset)<\/em><\/li>\n\n\n\n<li>Neuvontaa ja ohjausta <em>(k\u00e4yt\u00e4nn\u00f6n opastusta suomalaiseen arkeen)<\/em><\/li>\n\n\n\n<li>Korjaus- ja huoltotoimenpiteit\u00e4 <em>(esim. pienet kodin ja harrastusv\u00e4lineiden korjaukset)<\/em> <\/li>\n\n\n\n<li>Kuljetuspalvelua ihmisille <em>(esim. kuljetukset lasten harrastuksiin)<\/em><\/li>\n\n\n\n<li>Kuljetuspalvelua tavaroille <em>(esim. muuttoapu)<\/em><\/li>\n\n\n\n<li>Saattoapua <em>(esim. saatto l\u00e4\u00e4k\u00e4rille tai harrastuksiin)<\/em> <\/li>\n\n\n\n<li>Tulkkausapua<\/li>\n\n\n\n<li>Yst\u00e4v\u00e4toimintaa<\/li>\n<\/ul>\n\n\n\n<figure class=\"wp-block-image aligncenter size-full is-resized\"><img loading=\"lazy\" decoding=\"async\" src=\"https:\/\/www.proukraina.fi\/wp-content\/uploads\/2022\/10\/Paperipino_Pro.png\" alt=\"\" class=\"wp-image-985\" width=\"391\" height=\"132\"\/><figcaption class=\"wp-element-caption\">Asiakirjoja. Kuva: Omri ry<\/figcaption><\/figure>\n\n\n\n<blockquote class=\"wp-block-quote is-layout-flow wp-block-quote-is-layout-flow\">\n<p><strong>Huom!<\/strong> Noin kaksi kolmasosaa ukrainalaisista puhuu \u00e4idinkielen\u00e4\u00e4n ukrainaa ja noin 30% ven\u00e4j\u00e4\u00e4. Englannin kielen taidoissa ukrainalaiset sijoittuvat <a href=\"https:\/\/www.kyivpost.com\/ukraine-politics\/study-ukraine-is-one-of-europes-worst-countries-in-english-language-proficiency.html\">tutkimusten mukaan<\/a> eurooppalaisten maiden h\u00e4nnille. <\/p>\n<\/blockquote>\n\n\n\n<p>Mik\u00e4li sinulla on mahdollisuus tarjota jotain edell\u00e4 mainittua apua, ota meihin yhteytt\u00e4 <a href=\"https:\/\/www.proukraina.fi\/?page_id=537\">t\u00e4st\u00e4<\/a>. Saatujen tietojen perusteella ohjaamme yhteen avun tarjoajan ja sen saajan. <\/p>\n\n\n\n<div style=\"height:100px\" aria-hidden=\"true\" class=\"wp-block-spacer\"><\/div>\n\n\n\n<p>Paluu <a href=\"http:\/\/www.omri.fi\/\">p\u00e4\u00e4sivulle<\/a>.<\/p>\n","protected":false},"excerpt":{"rendered":"<p>[P\u00e4ivitetty 28.12.2022] Ukrainalaiset tarvitsevat Suomessa monenlaista apua, kuten: Huom! Noin kaksi kolmasosaa ukrainalaisista puhuu \u00e4idinkielen\u00e4\u00e4n ukrainaa ja noin 30% ven\u00e4j\u00e4\u00e4. Englannin kielen taidoissa ukrainalaiset sijoittuvat tutkimusten mukaan eurooppalaisten maiden h\u00e4nnille. Mik\u00e4li sinulla on mahdollisuus tarjota jotain edell\u00e4 mainittua apua, ota meihin yhteytt\u00e4 t\u00e4st\u00e4. Saatujen tietojen perusteella ohjaamme yhteen avun tarjoajan ja sen saajan. Paluu p\u00e4\u00e4sivulle.<\/p>\n","protected":false},"author":1,"featured_media":0,"parent":0,"menu_order":0,"comment_status":"closed","ping_status":"closed","template":"","meta":{"footnotes":""},"class_list":["post-164","page","type-page","status-publish","hentry"],"jetpack_sharing_enabled":true,"_links":{"self":[{"href":"https:\/\/www.proukraina.fi\/wp-json\/wp\/v2\/pages\/164","targetHints":{"allow":["GET"]}}],"collection":[{"href":"https:\/\/www.proukraina.fi\/wp-json\/wp\/v2\/pages"}],"about":[{"href":"https:\/\/www.proukraina.fi\/wp-json\/wp\/v2\/types\/page"}],"author":[{"embeddable":true,"href":"https:\/\/www.proukraina.fi\/wp-json\/wp\/v2\/users\/1"}],"replies":[{"embeddable":true,"href":"https:\/\/www.proukraina.fi\/wp-json\/wp\/v2\/comments?post=164"}],"version-history":[{"count":16,"href":"https:\/\/www.proukraina.fi\/wp-json\/wp\/v2\/pages\/164\/revisions"}],"predecessor-version":[{"id":2308,"href":"https:\/\/www.proukraina.fi\/wp-json\/wp\/v2\/pages\/164\/revisions\/2308"}],"wp:attachment":[{"href":"https:\/\/www.proukraina.fi\/wp-json\/wp\/v2\/media?parent=164"}],"curies":[{"name":"wp","href":"https:\/\/api.w.org\/{rel}","templated":true}]}}