{"id":7519,"date":"2024-09-25T00:17:17","date_gmt":"2024-09-24T21:17:17","guid":{"rendered":"https:\/\/www.proukraina.fi\/?page_id=7519"},"modified":"2024-09-25T00:20:17","modified_gmt":"2024-09-24T21:20:17","slug":"liipasinlapasten-neuleohje","status":"publish","type":"page","link":"https:\/\/www.proukraina.fi\/liipasinlapasten-neuleohje\/","title":{"rendered":"Liipasinlapasten neuleohje"},"content":{"rendered":"\n<p>[P\u00e4ivitetty 25.9.2024]<\/p>\n\n\n\n<div style=\"height:10px\" aria-hidden=\"true\" class=\"wp-block-spacer\"><\/div>\n\n\n\n<div data-wp-interactive=\"core\/file\" class=\"wp-block-file\"><object data-wp-bind--hidden=\"!state.hasPdfPreview\" hidden class=\"wp-block-file__embed\" data=\"https:\/\/www.proukraina.fi\/wp-content\/uploads\/2024\/09\/Liipasinlapaset-ohje.pdf\" type=\"application\/pdf\" style=\"width:100%;height:600px\" aria-label=\"Tiedoston Liipasinlapaset ohje upotus.\"><\/object><a id=\"wp-block-file--media-0f854cff-8800-499e-8fca-f128934d9540\" href=\"https:\/\/www.proukraina.fi\/wp-content\/uploads\/2024\/09\/Liipasinlapaset-ohje.pdf\">Liipasinlapaset ohje<\/a><a href=\"https:\/\/www.proukraina.fi\/wp-content\/uploads\/2024\/09\/Liipasinlapaset-ohje.pdf\" class=\"wp-block-file__button wp-element-button\" download aria-describedby=\"wp-block-file--media-0f854cff-8800-499e-8fca-f128934d9540\">Lataa<\/a><\/div>\n\n\n\n<div style=\"height:11px\" aria-hidden=\"true\" class=\"wp-block-spacer\"><\/div>\n\n\n\n<p>Palaa edelliselle <a href=\"https:\/\/www.proukraina.fi\/index.php\/neulo-ukrainaan\/\">sivulle<\/a>.<\/p>\n\n\n\n<p>Palaa <a href=\"https:\/\/www.proukraina.fi\/\">p\u00e4\u00e4sivulle.<\/a><\/p>\n","protected":false},"excerpt":{"rendered":"<p>[P\u00e4ivitetty 25.9.2024] Palaa edelliselle sivulle. Palaa p\u00e4\u00e4sivulle.<\/p>\n","protected":false},"author":1,"featured_media":0,"parent":0,"menu_order":0,"comment_status":"closed","ping_status":"closed","template":"","meta":{"footnotes":""},"class_list":["post-7519","page","type-page","status-publish","hentry"],"jetpack_sharing_enabled":true,"_links":{"self":[{"href":"https:\/\/www.proukraina.fi\/wp-json\/wp\/v2\/pages\/7519","targetHints":{"allow":["GET"]}}],"collection":[{"href":"https:\/\/www.proukraina.fi\/wp-json\/wp\/v2\/pages"}],"about":[{"href":"https:\/\/www.proukraina.fi\/wp-json\/wp\/v2\/types\/page"}],"author":[{"embeddable":true,"href":"https:\/\/www.proukraina.fi\/wp-json\/wp\/v2\/users\/1"}],"replies":[{"embeddable":true,"href":"https:\/\/www.proukraina.fi\/wp-json\/wp\/v2\/comments?post=7519"}],"version-history":[{"count":3,"href":"https:\/\/www.proukraina.fi\/wp-json\/wp\/v2\/pages\/7519\/revisions"}],"predecessor-version":[{"id":7524,"href":"https:\/\/www.proukraina.fi\/wp-json\/wp\/v2\/pages\/7519\/revisions\/7524"}],"wp:attachment":[{"href":"https:\/\/www.proukraina.fi\/wp-json\/wp\/v2\/media?parent=7519"}],"curies":[{"name":"wp","href":"https:\/\/api.w.org\/{rel}","templated":true}]}}