{"id":4890,"date":"2023-09-17T21:44:29","date_gmt":"2023-09-17T18:44:29","guid":{"rendered":"https:\/\/www.proukraina.fi\/?post_type=product&#038;p=4890"},"modified":"2026-04-14T11:54:29","modified_gmt":"2026-04-14T08:54:29","slug":"ukraina-lippis-musta","status":"publish","type":"product","link":"https:\/\/www.proukraina.fi\/tuote\/ukraina-lippis-musta\/","title":{"rendered":"Ukraina -lippis (musta)"},"content":{"rendered":"<p>Musta Ukraina -lippis. Tuotteen etupuolelle on brodeerattu musta Ukrainan vaakuna. Kokoa s\u00e4\u00e4delt\u00e4viss\u00e4 takaa l\u00f6ytyv\u00e4ll\u00e4 soljella.<\/p>\n<p>Tuotteen myyntihinta <em>(ei siis pelkk\u00e4 tuotto)<\/em> kokonaisuudessaan Ukrainan hyv\u00e4ksi!<\/p>\n","protected":false},"excerpt":{"rendered":"<p>Musta Ukraina-lippis, jolla voit osoittaa n\u00e4kyv\u00e4sti tukesi Ukrainalle, sen taistelussa terroristivaltiota vastaan.<\/p>\n","protected":false},"featured_media":7098,"comment_status":"open","ping_status":"closed","template":"","meta":[],"product_brand":[],"product_cat":[32],"product_tag":[],"class_list":{"0":"post-4890","1":"product","2":"type-product","3":"status-publish","4":"has-post-thumbnail","6":"product_cat-tukituote","8":"first","9":"instock","10":"purchasable","11":"product-type-simple"},"jetpack_sharing_enabled":true,"_links":{"self":[{"href":"https:\/\/www.proukraina.fi\/wp-json\/wp\/v2\/product\/4890","targetHints":{"allow":["GET"]}}],"collection":[{"href":"https:\/\/www.proukraina.fi\/wp-json\/wp\/v2\/product"}],"about":[{"href":"https:\/\/www.proukraina.fi\/wp-json\/wp\/v2\/types\/product"}],"replies":[{"embeddable":true,"href":"https:\/\/www.proukraina.fi\/wp-json\/wp\/v2\/comments?post=4890"}],"wp:featuredmedia":[{"embeddable":true,"href":"https:\/\/www.proukraina.fi\/wp-json\/wp\/v2\/media\/7098"}],"wp:attachment":[{"href":"https:\/\/www.proukraina.fi\/wp-json\/wp\/v2\/media?parent=4890"}],"wp:term":[{"taxonomy":"product_brand","embeddable":true,"href":"https:\/\/www.proukraina.fi\/wp-json\/wp\/v2\/product_brand?post=4890"},{"taxonomy":"product_cat","embeddable":true,"href":"https:\/\/www.proukraina.fi\/wp-json\/wp\/v2\/product_cat?post=4890"},{"taxonomy":"product_tag","embeddable":true,"href":"https:\/\/www.proukraina.fi\/wp-json\/wp\/v2\/product_tag?post=4890"}],"curies":[{"name":"wp","href":"https:\/\/api.w.org\/{rel}","templated":true}]}}