{"id":7119,"date":"2024-06-27T02:10:28","date_gmt":"2024-06-26T23:10:28","guid":{"rendered":"https:\/\/www.proukraina.fi\/?post_type=product&#038;p=7119"},"modified":"2025-09-24T12:31:57","modified_gmt":"2025-09-24T09:31:57","slug":"ukrainan-historia","status":"publish","type":"product","link":"https:\/\/www.proukraina.fi\/tuote\/ukrainan-historia\/","title":{"rendered":"A history of Ukraine -kirja"},"content":{"rendered":"<p>Toimittaja <em>Oleksandr Paliin<\/em> 482-sivuinen, englanninkielinen teos &#8221;<strong>A history of Ukraine &#8211; A short course<\/strong>&#8221; on lyhyt esittely Ukrainan historiaan. Se kattaa ajanjakson Ukrainan ensimm\u00e4isist\u00e4 asukkaista (noin 1,1 milj. vuotta sitten) aina nyt k\u00e4ynniss\u00e4 olevaan sotaan. Kirja on perusteos kaikille Ukrainan historiasta kiinnostuneille.<\/p>\n","protected":false},"excerpt":{"rendered":"<p>Englanninkielinen perusteos kaikille Ukrainan historiasta kiinnostuneille.<\/p>\n","protected":false},"featured_media":7120,"comment_status":"open","ping_status":"closed","template":"","meta":[],"product_brand":[],"product_cat":[32],"product_tag":[],"class_list":{"0":"post-7119","1":"product","2":"type-product","3":"status-publish","4":"has-post-thumbnail","6":"product_cat-tukituote","8":"first","9":"instock","10":"purchasable","11":"product-type-simple"},"jetpack_sharing_enabled":true,"_links":{"self":[{"href":"https:\/\/www.proukraina.fi\/wp-json\/wp\/v2\/product\/7119","targetHints":{"allow":["GET"]}}],"collection":[{"href":"https:\/\/www.proukraina.fi\/wp-json\/wp\/v2\/product"}],"about":[{"href":"https:\/\/www.proukraina.fi\/wp-json\/wp\/v2\/types\/product"}],"replies":[{"embeddable":true,"href":"https:\/\/www.proukraina.fi\/wp-json\/wp\/v2\/comments?post=7119"}],"wp:featuredmedia":[{"embeddable":true,"href":"https:\/\/www.proukraina.fi\/wp-json\/wp\/v2\/media\/7120"}],"wp:attachment":[{"href":"https:\/\/www.proukraina.fi\/wp-json\/wp\/v2\/media?parent=7119"}],"wp:term":[{"taxonomy":"product_brand","embeddable":true,"href":"https:\/\/www.proukraina.fi\/wp-json\/wp\/v2\/product_brand?post=7119"},{"taxonomy":"product_cat","embeddable":true,"href":"https:\/\/www.proukraina.fi\/wp-json\/wp\/v2\/product_cat?post=7119"},{"taxonomy":"product_tag","embeddable":true,"href":"https:\/\/www.proukraina.fi\/wp-json\/wp\/v2\/product_tag?post=7119"}],"curies":[{"name":"wp","href":"https:\/\/api.w.org\/{rel}","templated":true}]}}