{"id":7714,"date":"2024-11-02T19:43:42","date_gmt":"2024-11-02T17:43:42","guid":{"rendered":"https:\/\/www.proukraina.fi\/?post_type=product&#038;p=7714"},"modified":"2026-03-26T04:53:10","modified_gmt":"2026-03-26T02:53:10","slug":"suomen-lippu-hihamerkki-maastovaritys","status":"publish","type":"product","link":"https:\/\/www.proukraina.fi\/tuote\/suomen-lippu-hihamerkki-maastovaritys\/","title":{"rendered":"Suomen lippu -hihamerkki (maastov\u00e4ritys)"},"content":{"rendered":"<p>Hihamerkki, jossa Suomen lippu maastov\u00e4rein. Tuotteen k\u00e4\u00e4nt\u00f6puolella oleva tarrakoukkupinta <em>(hooks)<\/em> mahdollistaa kiinnityksen moniin lenkillisiin pintoihin<em> (loops)<\/em>.<\/p>\n<p>Leveys: noin 70 mm<\/p>\n<p>Korkeus: noin 50 mm<\/p>\n<p>Tuote on valmistettu Ukrainassa, ty\u00f6llist\u00e4en samalla paikallisia yritt\u00e4ji\u00e4.<\/p>\n","protected":false},"excerpt":{"rendered":"<p>Hihamerkki, jossa Suomen lippu armeijan maastov\u00e4rein.<\/p>\n","protected":false},"featured_media":7716,"comment_status":"open","ping_status":"closed","template":"","meta":[],"product_brand":[],"product_cat":[32],"product_tag":[],"class_list":{"0":"post-7714","1":"product","2":"type-product","3":"status-publish","4":"has-post-thumbnail","6":"product_cat-tukituote","8":"first","9":"instock","10":"purchasable","11":"product-type-simple"},"jetpack_sharing_enabled":true,"_links":{"self":[{"href":"https:\/\/www.proukraina.fi\/wp-json\/wp\/v2\/product\/7714","targetHints":{"allow":["GET"]}}],"collection":[{"href":"https:\/\/www.proukraina.fi\/wp-json\/wp\/v2\/product"}],"about":[{"href":"https:\/\/www.proukraina.fi\/wp-json\/wp\/v2\/types\/product"}],"replies":[{"embeddable":true,"href":"https:\/\/www.proukraina.fi\/wp-json\/wp\/v2\/comments?post=7714"}],"wp:featuredmedia":[{"embeddable":true,"href":"https:\/\/www.proukraina.fi\/wp-json\/wp\/v2\/media\/7716"}],"wp:attachment":[{"href":"https:\/\/www.proukraina.fi\/wp-json\/wp\/v2\/media?parent=7714"}],"wp:term":[{"taxonomy":"product_brand","embeddable":true,"href":"https:\/\/www.proukraina.fi\/wp-json\/wp\/v2\/product_brand?post=7714"},{"taxonomy":"product_cat","embeddable":true,"href":"https:\/\/www.proukraina.fi\/wp-json\/wp\/v2\/product_cat?post=7714"},{"taxonomy":"product_tag","embeddable":true,"href":"https:\/\/www.proukraina.fi\/wp-json\/wp\/v2\/product_tag?post=7714"}],"curies":[{"name":"wp","href":"https:\/\/api.w.org\/{rel}","templated":true}]}}